{"id":1078,"date":"2025-09-07T18:56:47","date_gmt":"2025-09-07T16:56:47","guid":{"rendered":"https:\/\/shop.alucardaris.com\/producto\/alucard-aris-snapback-hat\/"},"modified":"2026-01-06T20:40:34","modified_gmt":"2026-01-06T19:40:34","slug":"alucard-aris-snapback-hat","status":"publish","type":"product","link":"https:\/\/shop.alucardaris.com\/es\/producto\/alucard-aris-snapback-hat\/","title":{"rendered":"Gorra Snapback bordada de Alucard Aris"},"content":{"rendered":"<p>Este sombrero tiene un corte cl\u00e1sico, ala plana y tela de sarga completa. Su cierre a presi\u00f3n ajustable lo convierte en un sombrero c\u00f3modo y de talla \u00fanica. <\/p>\n<p>\u2022 80% acr\u00edlico, 20% lana<br \/>\n\u2022 El camuflaje verde es algod\u00f3n 60%, poli\u00e9ster 40%<br \/>\n\u2022 Estructurado, de 6 paneles, de perfil alto<br \/>\n\u2022 6 ojales bordados<br \/>\n\u2022 Cierre a presi\u00f3n de pl\u00e1stico<br \/>\n\u2022 Visera inferior verde<br \/>\n\u2022 Circunferencia de la cabeza: 21\u215d\u2033\u201323\u215d\u2033 (54,9 cm\u201360 cm)<br \/>\n\u2022 Producto en blanco procedente de Vietnam o Bangladesh<\/p>\n<p>Este producto se fabrica especialmente para usted en cuanto realiza su pedido, por lo que tardamos un poco m\u00e1s en entreg\u00e1rselo. Fabricar productos bajo demanda en lugar de al por mayor ayuda a reducir la sobreproducci\u00f3n, as\u00ed que gracias por tomar decisiones de compra inteligentes.<\/p>\n<p>\u2022 Trazabilidad:<br \/>\n\u2013 Te\u00f1ido\u2014Vietnam<br \/>\n\u2013 Manufactura\u2014Banglades o Vietnam<br \/>\n\u2022 Contiene poli\u00e9ster reciclado 0%<br \/>\n\u2022 Contiene sustancias peligrosas 0%<br \/>\n\u2022 Este art\u00edculo libera microfibras pl\u00e1sticas al medio ambiente durante el lavado.<\/p>\n<p>Restricciones de edad: Para adultos<br \/>\nGarant\u00eda de la UE: 2 a\u00f1os<br \/>\nOtra informaci\u00f3n de cumplimiento: Cumple con los requisitos de nivel de plomo, bisfenoles y ftalatos.<\/p>\n<p>En cumplimiento del Reglamento General de Seguridad de los Productos (GPSR), <b>Roble inc.<\/b> y <b>SINDEN VENTURES LIMITADA<\/b> Garantizar que todos los productos de consumo ofrecidos sean seguros y cumplan con las normas de la UE. Para cualquier consulta o inquietud relacionada con la seguridad de los productos, comun\u00edquese con nuestro representante en la UE en <b>gpsr@sindenventures.com<\/b>. Tambi\u00e9n puedes escribirnos a <b>123 Main Street, Cualquier ciudad, Pa\u00eds<\/b> o<b> Markou Evgenikou 11, Mesa Geitonia, 4002, Limassol, Chipre.<b \/><\/p>","protected":false},"excerpt":{"rendered":"<p>This hat is structured with a classic fit, flat brim, and full buckram. The adjustable snap closure makes it a comfortable, one-size-fits-most hat. \u2022 80% acrylic, 20% wool \u2022 Green Camo is 60% cotton, 40% polyester \u2022 Structured, 6-panel, high-profile \u2022 6 embroidered eyelets \u2022 Plastic snap closure \u2022 Green undervisor \u2022 Head circumference: 21\u215d\u2033\u201323\u215d\u2033 [&hellip;]<\/p>","protected":false},"featured_media":1090,"comment_status":"open","ping_status":"closed","template":"","meta":{"_gspb_post_css":""},"product_brand":[],"product_cat":[32],"product_tag":[],"class_list":{"0":"post-1078","1":"product","2":"type-product","3":"status-publish","4":"has-post-thumbnail","6":"product_cat-caps","8":"first","9":"instock","10":"taxable","11":"shipping-taxable","12":"purchasable","13":"product-type-variable"},"jetpack_sharing_enabled":true,"_links":{"self":[{"href":"https:\/\/shop.alucardaris.com\/es\/wp-json\/wp\/v2\/product\/1078","targetHints":{"allow":["GET"]}}],"collection":[{"href":"https:\/\/shop.alucardaris.com\/es\/wp-json\/wp\/v2\/product"}],"about":[{"href":"https:\/\/shop.alucardaris.com\/es\/wp-json\/wp\/v2\/types\/product"}],"replies":[{"embeddable":true,"href":"https:\/\/shop.alucardaris.com\/es\/wp-json\/wp\/v2\/comments?post=1078"}],"wp:featuredmedia":[{"embeddable":true,"href":"https:\/\/shop.alucardaris.com\/es\/wp-json\/wp\/v2\/media\/1090"}],"wp:attachment":[{"href":"https:\/\/shop.alucardaris.com\/es\/wp-json\/wp\/v2\/media?parent=1078"}],"wp:term":[{"taxonomy":"product_brand","embeddable":true,"href":"https:\/\/shop.alucardaris.com\/es\/wp-json\/wp\/v2\/product_brand?post=1078"},{"taxonomy":"product_cat","embeddable":true,"href":"https:\/\/shop.alucardaris.com\/es\/wp-json\/wp\/v2\/product_cat?post=1078"},{"taxonomy":"product_tag","embeddable":true,"href":"https:\/\/shop.alucardaris.com\/es\/wp-json\/wp\/v2\/product_tag?post=1078"}],"curies":[{"name":"wp","href":"https:\/\/api.w.org\/{rel}","templated":true}]}}