{"id":1127,"date":"2025-09-07T19:56:00","date_gmt":"2025-09-07T17:56:00","guid":{"rendered":"https:\/\/shop.alucardaris.com\/producto\/alucard-aris-epic-version-black-glossy-mug\/"},"modified":"2025-09-07T21:10:13","modified_gmt":"2025-09-07T19:10:13","slug":"alucard-aris-epic-version-black-glossy-mug","status":"publish","type":"product","link":"https:\/\/shop.alucardaris.com\/es\/producto\/alucard-aris-epic-version-black-glossy-mug\/","title":{"rendered":"Taza negra brillante de Alucard Aris, versi\u00f3n \u00e9pica"},"content":{"rendered":"<p>Este elemento esencial del armario es resistente, elegante y perfecto para su caf\u00e9 de la ma\u00f1ana o su t\u00e9 de la tarde.<\/p>\n<p>\u2022 Cer\u00e1mica<br \/>\n\u2022 Dimensiones de la taza de 11 oz: altura 3,85\u2033 (9,8 cm), di\u00e1metro 3,35\u2033 (8,5 cm)<br \/>\n\u2022 Dimensiones de la taza de 15 oz: altura 4,7\u2033 (12 cm), di\u00e1metro 3,35\u2033 (8,5 cm)<br \/>\n\u2022 Material libre de plomo y BPA<br \/>\n\u2022 Acabado brillante<br \/>\n\u2022 Apto para lavavajillas y microondas.<\/p>\n<p>Este producto se fabrica especialmente para usted en cuanto realiza su pedido, por lo que tardamos un poco m\u00e1s en entreg\u00e1rselo. Fabricar productos bajo demanda en lugar de al por mayor ayuda a reducir la sobreproducci\u00f3n, as\u00ed que gracias por tomar decisiones de compra inteligentes.<\/p>\n<p>Restricciones de edad: Para adultos<br \/>\nGarant\u00eda de la UE: 2 a\u00f1os<br \/>\nOtra informaci\u00f3n de cumplimiento: Cumple con los requisitos de nivel de plomo y cadmio.<\/p>\n<p>En cumplimiento del Reglamento General de Seguridad de los Productos (GPSR), <b>Roble inc.<\/b> y <b>SINDEN VENTURES LIMITADA<\/b> Garantizar que todos los productos de consumo ofrecidos sean seguros y cumplan con las normas de la UE. Para cualquier consulta o inquietud relacionada con la seguridad de los productos, comun\u00edquese con nuestro representante en la UE en <b>gpsr@sindenventures.com<\/b>. Tambi\u00e9n puedes escribirnos a <b>123 Main Street, Cualquier ciudad, Pa\u00eds<\/b> o<b> Markou Evgenikou 11, Mesa Geitonia, 4002, Limassol, Chipre.<b><\/b><\/b><\/p>","protected":false},"excerpt":{"rendered":"<p>This cupboard essential is sturdy, sleek, and perfect for your morning java or afternoon tea. \u2022 Ceramic \u2022 11 oz mug dimensions: height 3.85&#8243; (9.8 cm), diameter 3.35&#8243; (8.5 cm) \u2022 15 oz mug dimensions: height 4.7&#8243; (12 cm), diameter 3.35&#8243; (8.5 cm) \u2022 Lead and BPA-free material \u2022 Glossy finish \u2022 Dishwasher and microwave [&hellip;]<\/p>","protected":false},"featured_media":1135,"comment_status":"open","ping_status":"closed","template":"","meta":{"_gspb_post_css":""},"product_brand":[],"product_cat":[18],"product_tag":[],"class_list":{"0":"post-1127","1":"product","2":"type-product","3":"status-publish","4":"has-post-thumbnail","6":"product_cat-mugs","8":"first","9":"instock","10":"taxable","11":"shipping-taxable","12":"purchasable","13":"product-type-variable"},"jetpack_sharing_enabled":true,"_links":{"self":[{"href":"https:\/\/shop.alucardaris.com\/es\/wp-json\/wp\/v2\/product\/1127","targetHints":{"allow":["GET"]}}],"collection":[{"href":"https:\/\/shop.alucardaris.com\/es\/wp-json\/wp\/v2\/product"}],"about":[{"href":"https:\/\/shop.alucardaris.com\/es\/wp-json\/wp\/v2\/types\/product"}],"replies":[{"embeddable":true,"href":"https:\/\/shop.alucardaris.com\/es\/wp-json\/wp\/v2\/comments?post=1127"}],"wp:featuredmedia":[{"embeddable":true,"href":"https:\/\/shop.alucardaris.com\/es\/wp-json\/wp\/v2\/media\/1135"}],"wp:attachment":[{"href":"https:\/\/shop.alucardaris.com\/es\/wp-json\/wp\/v2\/media?parent=1127"}],"wp:term":[{"taxonomy":"product_brand","embeddable":true,"href":"https:\/\/shop.alucardaris.com\/es\/wp-json\/wp\/v2\/product_brand?post=1127"},{"taxonomy":"product_cat","embeddable":true,"href":"https:\/\/shop.alucardaris.com\/es\/wp-json\/wp\/v2\/product_cat?post=1127"},{"taxonomy":"product_tag","embeddable":true,"href":"https:\/\/shop.alucardaris.com\/es\/wp-json\/wp\/v2\/product_tag?post=1127"}],"curies":[{"name":"wp","href":"https:\/\/api.w.org\/{rel}","templated":true}]}}