{"id":1145,"date":"2025-09-07T20:55:29","date_gmt":"2025-09-07T18:55:29","guid":{"rendered":"https:\/\/shop.alucardaris.com\/producto\/poster-first-night-as-vampire-alucard-aris\/"},"modified":"2025-09-11T14:13:58","modified_gmt":"2025-09-11T12:13:58","slug":"poster-first-night-as-vampire-alucard-aris","status":"publish","type":"product","link":"https:\/\/shop.alucardaris.com\/es\/producto\/poster-first-night-as-vampire-alucard-aris\/","title":{"rendered":"P\u00f3ster Primera Noche como Vampiro Alucard Aris"},"content":{"rendered":"<p>P\u00f3steres con calidad de museo, hechos en papel mate grueso. Dale un toque especial a tu habitaci\u00f3n y oficina con estos p\u00f3steres que alegrar\u00e1n cualquier ambiente.<\/p>\n<p>\u2022 Grosor del papel: 10,3 mil\u00e9simas de pulgada<br \/>\n\u2022 Gramaje del papel: 189 g\/m\u00b2<br \/>\n\u2022 Opacidad: 94%<br \/>\n\u2022 Brillo ISO: 104%<br \/>\n\u2022 El papel procede de Jap\u00f3n.<\/p>\n<p>Este producto se fabrica especialmente para usted en cuanto realiza su pedido, por lo que tardamos un poco m\u00e1s en entreg\u00e1rselo. Fabricar productos bajo demanda en lugar de al por mayor ayuda a reducir la sobreproducci\u00f3n, as\u00ed que gracias por tomar decisiones de compra inteligentes.<\/p>\n<p>Restricciones de edad: Para adultos<br \/>\nGarant\u00eda de la UE: 2 a\u00f1os<br \/>\nOtra informaci\u00f3n de cumplimiento: Cumple con los requisitos de piezas peque\u00f1as y nivel de \u00edndice de flujo magn\u00e9tico.<\/p>\n<p>En cumplimiento del Reglamento General de Seguridad de los Productos (GPSR), <b>Roble inc.<\/b> y <b>SINDEN VENTURES LIMITADA<\/b> Garantizar que todos los productos de consumo ofrecidos sean seguros y cumplan con las normas de la UE. Para cualquier consulta o inquietud relacionada con la seguridad de los productos, comun\u00edquese con nuestro representante en la UE en <b>gpsr@sindenventures.com<\/b>. Tambi\u00e9n puedes escribirnos a <b>123 Main Street, Cualquier ciudad, Pa\u00eds<\/b> o<b> Markou Evgenikou 11, Mesa Geitonia, 4002, Limassol, Chipre.<b \/><\/p>","protected":false},"excerpt":{"rendered":"<p>Museum-quality posters made on thick matte paper. Add a wonderful accent to your room and office with these posters that are sure to brighten any environment. \u2022 Paper thickness: 10.3 mil \u2022 Paper weight: 189 g\/m\u00b2 \u2022 Opacity: 94% \u2022 ISO brightness: 104% \u2022 Paper is sourced from Japan This product is made especially for [&hellip;]<\/p>","protected":false},"featured_media":1149,"comment_status":"open","ping_status":"closed","template":"","meta":{"_gspb_post_css":""},"product_brand":[],"product_cat":[21],"product_tag":[],"class_list":{"0":"post-1145","1":"product","2":"type-product","3":"status-publish","4":"has-post-thumbnail","6":"product_cat-wall-art","8":"first","9":"instock","10":"taxable","11":"shipping-taxable","12":"purchasable","13":"product-type-variable"},"jetpack_sharing_enabled":true,"_links":{"self":[{"href":"https:\/\/shop.alucardaris.com\/es\/wp-json\/wp\/v2\/product\/1145","targetHints":{"allow":["GET"]}}],"collection":[{"href":"https:\/\/shop.alucardaris.com\/es\/wp-json\/wp\/v2\/product"}],"about":[{"href":"https:\/\/shop.alucardaris.com\/es\/wp-json\/wp\/v2\/types\/product"}],"replies":[{"embeddable":true,"href":"https:\/\/shop.alucardaris.com\/es\/wp-json\/wp\/v2\/comments?post=1145"}],"wp:featuredmedia":[{"embeddable":true,"href":"https:\/\/shop.alucardaris.com\/es\/wp-json\/wp\/v2\/media\/1149"}],"wp:attachment":[{"href":"https:\/\/shop.alucardaris.com\/es\/wp-json\/wp\/v2\/media?parent=1145"}],"wp:term":[{"taxonomy":"product_brand","embeddable":true,"href":"https:\/\/shop.alucardaris.com\/es\/wp-json\/wp\/v2\/product_brand?post=1145"},{"taxonomy":"product_cat","embeddable":true,"href":"https:\/\/shop.alucardaris.com\/es\/wp-json\/wp\/v2\/product_cat?post=1145"},{"taxonomy":"product_tag","embeddable":true,"href":"https:\/\/shop.alucardaris.com\/es\/wp-json\/wp\/v2\/product_tag?post=1145"}],"curies":[{"name":"wp","href":"https:\/\/api.w.org\/{rel}","templated":true}]}}