{"id":1153,"date":"2025-09-08T10:32:44","date_gmt":"2025-09-08T08:32:44","guid":{"rendered":"https:\/\/shop.alucardaris.com\/producto\/alucard-aris-descenso-mortal-limited-unisex-classic-tee\/"},"modified":"2025-09-08T10:34:53","modified_gmt":"2025-09-08T08:34:53","slug":"alucard-aris-descenso-mortal-limited-unisex-classic-tee","status":"publish","type":"product","link":"https:\/\/shop.alucardaris.com\/es\/producto\/alucard-aris-descenso-mortal-limited-unisex-classic-tee\/","title":{"rendered":"Camiseta cl\u00e1sica unisex limitada de Alucard Aris \u201cDescenso Mortal\u201d"},"content":{"rendered":"<p>La camiseta cl\u00e1sica unisex de algod\u00f3n 100% te ayudar\u00e1 a conseguir un look m\u00e1s estructurado. Se ajusta bien, mantiene l\u00edneas definidas en los bordes y combina a la perfecci\u00f3n con conjuntos urbanos a capas. \u00a1Adem\u00e1s, ahora est\u00e1 s\u00faper de moda! <\/p>\n<p>\u2022 Algod\u00f3n 100%<br \/>\n\u2022 Sport Grey es algod\u00f3n 90%, poli\u00e9ster 10%<br \/>\n\u2022 El gris ceniza es algod\u00f3n 99% y poli\u00e9ster 1%.<br \/>\n\u2022 Los colores jaspeados son algod\u00f3n 50%, poli\u00e9ster 50%<br \/>\n\u2022 Peso de la tela: 5,0\u20135,3 oz\/yd\u00b2 (170-180 g\/m\u00b2) <br \/>\n\u2022 Hilo abierto<br \/>\n\u2022 Tejido tubular<br \/>\n\u2022 Cuello y hombros encintados<br \/>\n\u2022 Doble costura en mangas y dobladillo inferior.<br \/>\n\u2022 Producto en blanco procedente de Honduras, Nicaragua, Hait\u00ed, Rep\u00fablica Dominicana, Bangladesh, M\u00e9xico<\/p>\n<p>Descargo de responsabilidad:\u00a0<br \/>\n\u2022 Debido a las propiedades de la tela, la variante de color blanco puede parecer blanquecina en lugar de blanca brillante.<br \/>\n\u2022 Se esperan motas de color oscuro en toda la tela para el color Natural.<\/p>\n<p>Este producto se fabrica especialmente para usted en cuanto realiza su pedido, por lo que tardamos un poco m\u00e1s en entreg\u00e1rselo. Fabricar productos bajo demanda en lugar de al por mayor ayuda a reducir la sobreproducci\u00f3n, as\u00ed que gracias por tomar decisiones de compra inteligentes.<\/p>\n<p>\u2022 Trazabilidad:<br \/>\n\u2013 Tejido de punto\u2014Honduras, Rep\u00fablica Dominicana<br \/>\n\u2013 Te\u00f1ido\u2014Honduras, Rep\u00fablica Dominicana<br \/>\n\u2013 Manufacturas\u2014Nicaragua, Honduras, Hait\u00ed, El Salvador o Rep\u00fablica Dominicana<br \/>\n\u2022 Contiene poli\u00e9ster reciclado 0%<br \/>\n\u2022 Contiene sustancias peligrosas 0%<\/p>\n<p>Restricciones de edad: Para adultos<br \/>\nGarant\u00eda de la UE: 2 a\u00f1os<br \/>\nOtra informaci\u00f3n de cumplimiento: Cumple con los requisitos de nivel de inflamabilidad, plomo, cadmio, ftalatos y formaldeh\u00eddo.<\/p>\n<p>En cumplimiento del Reglamento General de Seguridad de los Productos (GPSR), <b>Roble inc.<\/b> y <b>SINDEN VENTURES LIMITADA<\/b> Garantizar que todos los productos de consumo ofrecidos sean seguros y cumplan con las normas de la UE. Para cualquier consulta o inquietud relacionada con la seguridad de los productos, comun\u00edquese con nuestro representante en la UE en <b>gpsr@sindenventures.com<\/b>. Tambi\u00e9n puedes escribirnos a <b>123 Main Street, Cualquier ciudad, Pa\u00eds<\/b> o<b> Markou Evgenikou 11, Mesa Geitonia, 4002, Limassol, Chipre.<b \/><\/p>","protected":false},"excerpt":{"rendered":"<p>The 100% cotton unisex classic tee will help you land a more structured look. It sits nicely, maintains sharp lines around the edges, and goes perfectly with layered streetwear outfits. Plus, it&#8217;s extra trendy now! \u2022 100% cotton \u2022 Sport Grey is 90% cotton, 10% polyester \u2022 Ash Grey is 99% cotton, 1% polyester \u2022 [&hellip;]<\/p>","protected":false},"featured_media":1252,"comment_status":"open","ping_status":"closed","template":"","meta":{"_gspb_post_css":""},"product_brand":[],"product_cat":[19],"product_tag":[],"class_list":{"0":"post-1153","1":"product","2":"type-product","3":"status-publish","4":"has-post-thumbnail","6":"product_cat-t-shirts","8":"first","9":"instock","10":"taxable","11":"shipping-taxable","12":"purchasable","13":"product-type-variable"},"jetpack_sharing_enabled":true,"_links":{"self":[{"href":"https:\/\/shop.alucardaris.com\/es\/wp-json\/wp\/v2\/product\/1153","targetHints":{"allow":["GET"]}}],"collection":[{"href":"https:\/\/shop.alucardaris.com\/es\/wp-json\/wp\/v2\/product"}],"about":[{"href":"https:\/\/shop.alucardaris.com\/es\/wp-json\/wp\/v2\/types\/product"}],"replies":[{"embeddable":true,"href":"https:\/\/shop.alucardaris.com\/es\/wp-json\/wp\/v2\/comments?post=1153"}],"wp:featuredmedia":[{"embeddable":true,"href":"https:\/\/shop.alucardaris.com\/es\/wp-json\/wp\/v2\/media\/1252"}],"wp:attachment":[{"href":"https:\/\/shop.alucardaris.com\/es\/wp-json\/wp\/v2\/media?parent=1153"}],"wp:term":[{"taxonomy":"product_brand","embeddable":true,"href":"https:\/\/shop.alucardaris.com\/es\/wp-json\/wp\/v2\/product_brand?post=1153"},{"taxonomy":"product_cat","embeddable":true,"href":"https:\/\/shop.alucardaris.com\/es\/wp-json\/wp\/v2\/product_cat?post=1153"},{"taxonomy":"product_tag","embeddable":true,"href":"https:\/\/shop.alucardaris.com\/es\/wp-json\/wp\/v2\/product_tag?post=1153"}],"curies":[{"name":"wp","href":"https:\/\/api.w.org\/{rel}","templated":true}]}}