{"id":1270,"date":"2025-09-08T22:06:21","date_gmt":"2025-09-08T20:06:21","guid":{"rendered":"https:\/\/shop.alucardaris.com\/producto\/distressed-dad-hat-alucard-aris-signature\/"},"modified":"2025-10-25T12:35:09","modified_gmt":"2025-10-25T10:35:09","slug":"distressed-dad-hat-alucard-aris-signature","status":"publish","type":"product","link":"https:\/\/shop.alucardaris.com\/es\/producto\/distressed-dad-hat-alucard-aris-signature\/","title":{"rendered":"Gorra de pap\u00e1 desgastada \u2013 Firma de Alucard Aris"},"content":{"rendered":"<p>Ampl\u00eda tu colecci\u00f3n de sombreros con esta moderna gorra de pap\u00e1. Con un ala y una corona ligeramente desgastadas, le dar\u00e1 el toque perfecto a tu look. Para un atuendo r\u00e1pido y sencillo, comb\u00ednala con pantalones de vestir, tus jeans favoritos y una camiseta deportiva.<\/p>\n<p>\u2022 Sarga de algod\u00f3n preencogida 100%<br \/>\n\u2022 Corona blanda<br \/>\n\u2022 6 ojales cosidos<br \/>\n\u2022 6 filas cosidas en el borde<br \/>\n\u2022 Gorra desestructurada de 6 paneles con perfil bajo<br \/>\n\u2022 Panel frontal con costura sin bucar\u00e1n<br \/>\n\u2022 Cierre ajustable con velcro.<br \/>\n\u2022 Producto en blanco procedente de China<\/p>\n<p>Este producto se fabrica especialmente para usted en cuanto realiza su pedido, por lo que tardamos un poco m\u00e1s en entreg\u00e1rselo. Fabricar productos bajo demanda en lugar de al por mayor ayuda a reducir la sobreproducci\u00f3n, as\u00ed que gracias por tomar decisiones de compra inteligentes.<\/p>\n<p>\u2022 Trazabilidad:<br \/>\n\u2013 Te\u00f1ido\u2014China<br \/>\n\u2013 Manufactura\u2014Myanmar<br \/>\n\u2022 Contiene poli\u00e9ster reciclado 0%<br \/>\n\u2022 Contiene sustancias peligrosas 0%<\/p>\n<p>Restricciones de edad: Para adultos<br \/>\nGarant\u00eda de la UE: 2 a\u00f1os<br \/>\nOtra informaci\u00f3n de cumplimiento: Cumple con los requisitos de nivel de plomo y ftalatos.<\/p>\n<p>En cumplimiento del Reglamento General de Seguridad de los Productos (GPSR), <b>Roble inc.<\/b> y <b>SINDEN VENTURES LIMITADA<\/b> Garantizar que todos los productos de consumo ofrecidos sean seguros y cumplan con las normas de la UE. Para cualquier consulta o inquietud relacionada con la seguridad de los productos, comun\u00edquese con nuestro representante en la UE en <b>gpsr@sindenventures.com<\/b>. Tambi\u00e9n puedes escribirnos a <b>123 Main Street, Cualquier ciudad, Pa\u00eds<\/b> o<b> Markou Evgenikou 11, Mesa Geitonia, 4002, Limassol, Chipre.<b \/><\/p>","protected":false},"excerpt":{"rendered":"<p>Expand your headwear collection with this fashionable dad hat. With a slightly distressed brim and crown fabric, it\u2019ll add just the right amount of edge to your look. For a quick and easy outfit pair it with slacks, your favorite jeans, and a sports tee. \u2022 100% pre-shrunk cotton twill \u2022 Soft crown \u2022 6 [&hellip;]<\/p>","protected":false},"featured_media":1276,"comment_status":"open","ping_status":"closed","template":"","meta":{"_gspb_post_css":""},"product_brand":[],"product_cat":[32],"product_tag":[],"class_list":{"0":"post-1270","1":"product","2":"type-product","3":"status-publish","4":"has-post-thumbnail","6":"product_cat-caps","8":"first","9":"instock","10":"taxable","11":"shipping-taxable","12":"purchasable","13":"product-type-variable"},"jetpack_sharing_enabled":true,"_links":{"self":[{"href":"https:\/\/shop.alucardaris.com\/es\/wp-json\/wp\/v2\/product\/1270","targetHints":{"allow":["GET"]}}],"collection":[{"href":"https:\/\/shop.alucardaris.com\/es\/wp-json\/wp\/v2\/product"}],"about":[{"href":"https:\/\/shop.alucardaris.com\/es\/wp-json\/wp\/v2\/types\/product"}],"replies":[{"embeddable":true,"href":"https:\/\/shop.alucardaris.com\/es\/wp-json\/wp\/v2\/comments?post=1270"}],"wp:featuredmedia":[{"embeddable":true,"href":"https:\/\/shop.alucardaris.com\/es\/wp-json\/wp\/v2\/media\/1276"}],"wp:attachment":[{"href":"https:\/\/shop.alucardaris.com\/es\/wp-json\/wp\/v2\/media?parent=1270"}],"wp:term":[{"taxonomy":"product_brand","embeddable":true,"href":"https:\/\/shop.alucardaris.com\/es\/wp-json\/wp\/v2\/product_brand?post=1270"},{"taxonomy":"product_cat","embeddable":true,"href":"https:\/\/shop.alucardaris.com\/es\/wp-json\/wp\/v2\/product_cat?post=1270"},{"taxonomy":"product_tag","embeddable":true,"href":"https:\/\/shop.alucardaris.com\/es\/wp-json\/wp\/v2\/product_tag?post=1270"}],"curies":[{"name":"wp","href":"https:\/\/api.w.org\/{rel}","templated":true}]}}