{"id":1391,"date":"2025-09-11T11:26:50","date_gmt":"2025-09-11T09:26:50","guid":{"rendered":"https:\/\/shop.alucardaris.com\/producto\/immortalis-unisex-sports-jersey\/"},"modified":"2025-09-11T11:31:04","modified_gmt":"2025-09-11T09:31:04","slug":"immortalis-unisex-sports-jersey","status":"publish","type":"product","link":"https:\/\/shop.alucardaris.com\/es\/producto\/immortalis-unisex-sports-jersey\/","title":{"rendered":"Camiseta deportiva Immortalis unisex"},"content":{"rendered":"<p>Fabricada con malla de poli\u00e9ster transpirable 100%, esta camiseta deportiva unisex proporciona una ventilaci\u00f3n y comodidad \u00f3ptimas durante entrenamientos intensos o actividades de ocio. Su corte holgado y su longitud ampliada ofrecen mayor cobertura, mientras que el ribete del cuello garantiza una larga durabilidad y un aspecto impecable.<\/p>\n<p>\u2022 100% poli\u00e9ster transpirable (malla)<br \/>\n\u2022 Peso de la tela: 4,13 oz.\/yd\u00b2 (140 g\/m\u00b2)<br \/>\n\u2022 Ajuste relajado<br \/>\n\u2022 El\u00e1stico y duradero.<br \/>\n\u2022 Construcci\u00f3n con costura lateral<br \/>\n\u2022 Longitud extendida<br \/>\n\u2022 Mangas ragl\u00e1n cortas<br \/>\n\u2022 Encuadernaci\u00f3n en el cuello<br \/>\n\u2022 Escote redondo cl\u00e1sico<br \/>\n\u2022 Producto en blanco procedente de China<\/p>\n<p>Este producto se fabrica especialmente para usted en cuanto realiza su pedido, por lo que tardamos un poco m\u00e1s en entreg\u00e1rselo. Fabricar productos bajo demanda en lugar de al por mayor ayuda a reducir la sobreproducci\u00f3n, as\u00ed que gracias por tomar decisiones de compra inteligentes.<\/p>\n<p>Restricciones de edad: Para adultos<br \/>\nGarant\u00eda de la UE: 2 a\u00f1os<br \/>\nOtra informaci\u00f3n de cumplimiento: Cumple con los requisitos de inflamabilidad, cadmio, bisfenoles y ftalatos.<\/p>\n<p>En cumplimiento del Reglamento General de Seguridad de los Productos (GPSR), <b>Roble inc.<\/b> y <b>SINDEN VENTURES LIMITADA<\/b> Garantizar que todos los productos de consumo ofrecidos sean seguros y cumplan con las normas de la UE. Para cualquier consulta o inquietud relacionada con la seguridad de los productos, comun\u00edquese con nuestro representante en la UE en <b>gpsr@sindenventures.com<\/b>. Tambi\u00e9n puedes escribirnos a <b>123 Main Street, Cualquier ciudad, Pa\u00eds<\/b> o<b> Markou Evgenikou 11, Mesa Geitonia, 4002, Limassol, Chipre.<b><\/b><\/b><\/p>","protected":false},"excerpt":{"rendered":"<p>Made with 100% breathable polyester mesh, this unisex sports jersey provides optimal ventilation and comfort during intense workouts or leisure activities. The jersey\u2019s relaxed fit and extended length offer extra coverage, while the binding on the collar ensures long-lasting durability and a polished look. \u2022 100% breathable polyester (mesh) \u2022 Fabric weight: 4.13 oz.\/yd\u00b2 (140 [&hellip;]<\/p>","protected":false},"featured_media":1429,"comment_status":"open","ping_status":"closed","template":"","meta":{"_gspb_post_css":""},"product_brand":[],"product_cat":[19],"product_tag":[20],"class_list":{"0":"post-1391","1":"product","2":"type-product","3":"status-publish","4":"has-post-thumbnail","6":"product_cat-t-shirts","7":"product_tag-immortalis","9":"first","10":"instock","11":"taxable","12":"shipping-taxable","13":"purchasable","14":"product-type-variable"},"jetpack_sharing_enabled":true,"_links":{"self":[{"href":"https:\/\/shop.alucardaris.com\/es\/wp-json\/wp\/v2\/product\/1391","targetHints":{"allow":["GET"]}}],"collection":[{"href":"https:\/\/shop.alucardaris.com\/es\/wp-json\/wp\/v2\/product"}],"about":[{"href":"https:\/\/shop.alucardaris.com\/es\/wp-json\/wp\/v2\/types\/product"}],"replies":[{"embeddable":true,"href":"https:\/\/shop.alucardaris.com\/es\/wp-json\/wp\/v2\/comments?post=1391"}],"wp:featuredmedia":[{"embeddable":true,"href":"https:\/\/shop.alucardaris.com\/es\/wp-json\/wp\/v2\/media\/1429"}],"wp:attachment":[{"href":"https:\/\/shop.alucardaris.com\/es\/wp-json\/wp\/v2\/media?parent=1391"}],"wp:term":[{"taxonomy":"product_brand","embeddable":true,"href":"https:\/\/shop.alucardaris.com\/es\/wp-json\/wp\/v2\/product_brand?post=1391"},{"taxonomy":"product_cat","embeddable":true,"href":"https:\/\/shop.alucardaris.com\/es\/wp-json\/wp\/v2\/product_cat?post=1391"},{"taxonomy":"product_tag","embeddable":true,"href":"https:\/\/shop.alucardaris.com\/es\/wp-json\/wp\/v2\/product_tag?post=1391"}],"curies":[{"name":"wp","href":"https:\/\/api.w.org\/{rel}","templated":true}]}}