{"id":1444,"date":"2025-09-11T13:55:13","date_gmt":"2025-09-11T11:55:13","guid":{"rendered":"https:\/\/shop.alucardaris.com\/producto\/alucard-aris-consumed-limited-edition-framed-photo-paper-poster\/"},"modified":"2025-09-11T18:49:11","modified_gmt":"2025-09-11T16:49:11","slug":"alucard-aris-consumed-limited-edition-framed-photo-paper-poster","status":"publish","type":"product","link":"https:\/\/shop.alucardaris.com\/es\/producto\/alucard-aris-consumed-limited-edition-framed-photo-paper-poster\/","title":{"rendered":"Alucard Aris Consumido Edici\u00f3n Limitada \u2013 P\u00f3ster fotogr\u00e1fico enmarcado"},"content":{"rendered":"<p>Haga una declaraci\u00f3n en cualquier habitaci\u00f3n con este p\u00f3ster enmarcado impreso en papel de alta calidad, con un acabado parcialmente brillante y parcialmente mate.<\/p>\n<p>\u2022 Papel de 10 mil (0,25 mm) de grosor<br \/>\n\u2022 Gramaje del papel: 260 g\/m\u00b2<br \/>\n\u2022 Marco de madera de ayous de 1,9 cm (0,75\u201d) de espesor<br \/>\n\u2022 Protector frontal de acr\u00edlico<br \/>\n\u2022 Herrajes para colgar incluidos<br \/>\n\u2022 Componentes de productos en blanco en EE. UU. procedentes de Jap\u00f3n y EE. UU.<br \/>\n\u2022 Componentes de productos en blanco en la UE procedentes de Jap\u00f3n y Letonia<\/p>\n<p>C\u00f3mo colocar ganchos en marcos horizontales de 24\u2033 \u00d7 36\u2033:<br \/>\nColoque cada uno de los ganchos de montaje a 1 pulgada (2,5 cm) de las esquinas del marco cuando lo cuelgue horizontalmente.<\/p>\n<p>Este producto se fabrica especialmente para usted en cuanto realiza su pedido, por lo que tardamos un poco m\u00e1s en entreg\u00e1rselo. Fabricar productos bajo demanda en lugar de al por mayor ayuda a reducir la sobreproducci\u00f3n, as\u00ed que gracias por tomar decisiones de compra inteligentes.<\/p>\n<p>Restricciones de edad: Para adultos<br \/>\nGarant\u00eda de la UE: 2 a\u00f1os<\/p>\n<p>En cumplimiento del Reglamento General de Seguridad de los Productos (GPSR), <b>Roble inc.<\/b> y <b>SINDEN VENTURES LIMITADA<\/b> Garantizar que todos los productos de consumo ofrecidos sean seguros y cumplan con las normas de la UE. Para cualquier consulta o inquietud relacionada con la seguridad de los productos, comun\u00edquese con nuestro representante en la UE en <b>gpsr@sindenventures.com<\/b>. Tambi\u00e9n puedes escribirnos a <b>123 Main Street, Cualquier ciudad, Pa\u00eds<\/b> o<b> Markou Evgenikou 11, Mesa Geitonia, 4002, Limassol, Chipre.<b><\/b><\/b><\/p>","protected":false},"excerpt":{"rendered":"<p>Make a statement in any room with this framed poster printed on high-quality paper, with a partly glossy, partly matte finish. \u2022 10 mil (0.25 mm) thick paper \u2022 Paper weight: 260 g\/m\u00b2 \u2022 .75\u201d (1.9 cm) thick ayous wood frame \u2022 Acrylite front protector \u2022 Hanging hardware included \u2022 Blank product components in the [&hellip;]<\/p>","protected":false},"featured_media":1457,"comment_status":"open","ping_status":"closed","template":"","meta":{"_gspb_post_css":""},"product_brand":[],"product_cat":[21],"product_tag":[75],"class_list":{"0":"post-1444","1":"product","2":"type-product","3":"status-publish","4":"has-post-thumbnail","6":"product_cat-wall-art","7":"product_tag-limited","9":"first","10":"instock","11":"sold-individually","12":"taxable","13":"shipping-taxable","14":"purchasable","15":"product-type-variable"},"jetpack_sharing_enabled":true,"_links":{"self":[{"href":"https:\/\/shop.alucardaris.com\/es\/wp-json\/wp\/v2\/product\/1444","targetHints":{"allow":["GET"]}}],"collection":[{"href":"https:\/\/shop.alucardaris.com\/es\/wp-json\/wp\/v2\/product"}],"about":[{"href":"https:\/\/shop.alucardaris.com\/es\/wp-json\/wp\/v2\/types\/product"}],"replies":[{"embeddable":true,"href":"https:\/\/shop.alucardaris.com\/es\/wp-json\/wp\/v2\/comments?post=1444"}],"wp:featuredmedia":[{"embeddable":true,"href":"https:\/\/shop.alucardaris.com\/es\/wp-json\/wp\/v2\/media\/1457"}],"wp:attachment":[{"href":"https:\/\/shop.alucardaris.com\/es\/wp-json\/wp\/v2\/media?parent=1444"}],"wp:term":[{"taxonomy":"product_brand","embeddable":true,"href":"https:\/\/shop.alucardaris.com\/es\/wp-json\/wp\/v2\/product_brand?post=1444"},{"taxonomy":"product_cat","embeddable":true,"href":"https:\/\/shop.alucardaris.com\/es\/wp-json\/wp\/v2\/product_cat?post=1444"},{"taxonomy":"product_tag","embeddable":true,"href":"https:\/\/shop.alucardaris.com\/es\/wp-json\/wp\/v2\/product_tag?post=1444"}],"curies":[{"name":"wp","href":"https:\/\/api.w.org\/{rel}","templated":true}]}}