{"id":1472,"date":"2025-09-11T16:29:04","date_gmt":"2025-09-11T14:29:04","guid":{"rendered":"https:\/\/shop.alucardaris.com\/producto\/mordrek-vs-alucard-first-night-photo-paper-poster\/"},"modified":"2025-09-11T16:29:19","modified_gmt":"2025-09-11T14:29:19","slug":"mordrek-vs-alucard-first-night-photo-paper-poster","status":"publish","type":"product","link":"https:\/\/shop.alucardaris.com\/es\/producto\/mordrek-vs-alucard-first-night-photo-paper-poster\/","title":{"rendered":"Primera noche de Mordrek vs. Alucard \u2013 P\u00f3ster fotogr\u00e1fico"},"content":{"rendered":"<p>Este p\u00f3ster tiene un acabado parcialmente brillante y parcialmente mate y agregar\u00e1 un toque de sofisticaci\u00f3n a cualquier habitaci\u00f3n.<\/p>\n<p>\u2022 10 mil\u00e9simas de pulgada (0,25 mm) de espesor<br \/>\n\u2022 Ligeramente brillante<br \/>\n\u2022 Resistente a huellas dactilares <br \/>\n\u2022 Papel procedente de Jap\u00f3n<\/p>\n<p>Este producto se fabrica especialmente para usted en cuanto realiza su pedido, por lo que tardamos un poco m\u00e1s en entreg\u00e1rselo. Fabricar productos bajo demanda en lugar de al por mayor ayuda a reducir la sobreproducci\u00f3n, as\u00ed que gracias por tomar decisiones de compra inteligentes.<\/p>\n<p>Restricciones de edad: Para adultos<br \/>\nGarant\u00eda de la UE: 2 a\u00f1os<\/p>\n<p>En cumplimiento del Reglamento General de Seguridad de los Productos (GPSR), <b>Roble inc.<\/b> y <b>SINDEN VENTURES LIMITADA<\/b> Garantizar que todos los productos de consumo ofrecidos sean seguros y cumplan con las normas de la UE. Para cualquier consulta o inquietud relacionada con la seguridad de los productos, comun\u00edquese con nuestro representante en la UE en <b>gpsr@sindenventures.com<\/b>. Tambi\u00e9n puedes escribirnos a <b>123 Main Street, Cualquier ciudad, Pa\u00eds<\/b> o<b> Markou Evgenikou 11, Mesa Geitonia, 4002, Limassol, Chipre.<b \/><\/p>","protected":false},"excerpt":{"rendered":"<p>This poster has a partly glossy, partly matte finish and it&#8217;ll add a touch of sophistication to any room. \u2022 10 mil (0.25 mm) thick \u2022 Slightly glossy \u2022 Fingerprint resistant \u2022 Paper sourced from Japan This product is made especially for you as soon as you place an order, which is why it takes [&hellip;]<\/p>","protected":false},"featured_media":1476,"comment_status":"open","ping_status":"closed","template":"","meta":{"_gspb_post_css":""},"product_brand":[],"product_cat":[21],"product_tag":[],"class_list":{"0":"post-1472","1":"product","2":"type-product","3":"status-publish","4":"has-post-thumbnail","6":"product_cat-wall-art","8":"first","9":"instock","10":"taxable","11":"shipping-taxable","12":"purchasable","13":"product-type-variable"},"jetpack_sharing_enabled":true,"_links":{"self":[{"href":"https:\/\/shop.alucardaris.com\/es\/wp-json\/wp\/v2\/product\/1472","targetHints":{"allow":["GET"]}}],"collection":[{"href":"https:\/\/shop.alucardaris.com\/es\/wp-json\/wp\/v2\/product"}],"about":[{"href":"https:\/\/shop.alucardaris.com\/es\/wp-json\/wp\/v2\/types\/product"}],"replies":[{"embeddable":true,"href":"https:\/\/shop.alucardaris.com\/es\/wp-json\/wp\/v2\/comments?post=1472"}],"wp:featuredmedia":[{"embeddable":true,"href":"https:\/\/shop.alucardaris.com\/es\/wp-json\/wp\/v2\/media\/1476"}],"wp:attachment":[{"href":"https:\/\/shop.alucardaris.com\/es\/wp-json\/wp\/v2\/media?parent=1472"}],"wp:term":[{"taxonomy":"product_brand","embeddable":true,"href":"https:\/\/shop.alucardaris.com\/es\/wp-json\/wp\/v2\/product_brand?post=1472"},{"taxonomy":"product_cat","embeddable":true,"href":"https:\/\/shop.alucardaris.com\/es\/wp-json\/wp\/v2\/product_cat?post=1472"},{"taxonomy":"product_tag","embeddable":true,"href":"https:\/\/shop.alucardaris.com\/es\/wp-json\/wp\/v2\/product_tag?post=1472"}],"curies":[{"name":"wp","href":"https:\/\/api.w.org\/{rel}","templated":true}]}}