{"id":1496,"date":"2025-09-14T13:30:11","date_gmt":"2025-09-14T11:30:11","guid":{"rendered":"https:\/\/shop.alucardaris.com\/producto\/eco-tote-bag-alucard-aris-signature\/"},"modified":"2025-09-14T14:09:23","modified_gmt":"2025-09-14T12:09:23","slug":"eco-tote-bag-alucard-aris-signature","status":"publish","type":"product","link":"https:\/\/shop.alucardaris.com\/es\/producto\/eco-tote-bag-alucard-aris-signature\/","title":{"rendered":"Bolsa de tela ecol\u00f3gica \u2013 Alucard Aris Signature"},"content":{"rendered":"<p>Dile adi\u00f3s al pl\u00e1stico y guarda tus cosas en esta bolsa de algod\u00f3n org\u00e1nico. Tiene espacio de sobra para la compra, libros y cualquier otra cosa.<\/p>\n<p>\u2022 Sarga de algod\u00f3n org\u00e1nico 3\/1 certificada 100%<br \/>\n\u2022 Peso de la tela: 8 oz\/yd\u00b2 (272 g\/m\u00b2)<br \/>\n\u2022 Dimensiones: 16\u2033 \u00d7 14 \u00bd\u2033 \u00d7 5\u2033 (40,6 cm \u00d7 35,6 cm \u00d7 12,7 cm)<br \/>\n\u2022 L\u00edmite de peso: 30 libras (13,6 kg)<br \/>\n\u2022 Correas dobles de 1\u2033 (2,5 cm) de ancho y 24,5\u2033 (62,2 cm) de largo<br \/>\n\u2022 Compartimento principal abierto<br \/>\n\u2022 Producto en blanco procedente de la India<\/p>\n<p>Este producto se fabrica especialmente para usted en cuanto realiza su pedido, por lo que tardamos un poco m\u00e1s en entreg\u00e1rselo. Fabricar productos bajo demanda en lugar de al por mayor ayuda a reducir la sobreproducci\u00f3n, as\u00ed que gracias por tomar decisiones de compra inteligentes.<\/p>\n<p>Restricciones de edad: Para adultos<br \/>\nGarant\u00eda de la UE: 2 a\u00f1os<br \/>\nOtra informaci\u00f3n de cumplimiento: Cumple con los requisitos de nivel de colorantes azoicos y formaldeh\u00eddo.<\/p>\n<p>En cumplimiento del Reglamento General de Seguridad de los Productos (GPSR), <b>Roble inc.<\/b> y <b>SINDEN VENTURES LIMITADA<\/b> Garantizar que todos los productos de consumo ofrecidos sean seguros y cumplan con las normas de la UE. Para cualquier consulta o inquietud relacionada con la seguridad de los productos, comun\u00edquese con nuestro representante en la UE en <b>gpsr@sindenventures.com<\/b>. Tambi\u00e9n puedes escribirnos a <b>123 Main Street, Cualquier ciudad, Pa\u00eds<\/b> o<b> Markou Evgenikou 11, Mesa Geitonia, 4002, Limassol, Chipre.<b><\/b><\/b><\/p>","protected":false},"excerpt":{"rendered":"<p>Say goodbye to plastic, and bag your goodies in this organic cotton tote bag. There\u2019s more than enough room for groceries, books, and anything in between. \u2022 100% certified organic cotton 3\/1 twill \u2022 Fabric weight: 8 oz\/yd\u00b2 (272 g\/m\u00b2) \u2022 Dimensions: 16\u2033 \u00d7 14 \u00bd\u2033 \u00d7 5\u2033 (40.6 cm \u00d7 35.6 cm \u00d7 12.7 [&hellip;]<\/p>","protected":false},"featured_media":1498,"comment_status":"open","ping_status":"closed","template":"","meta":{"_gspb_post_css":""},"product_brand":[],"product_cat":[76],"product_tag":[],"class_list":{"0":"post-1496","1":"product","2":"type-product","3":"status-publish","4":"has-post-thumbnail","6":"product_cat-bags","8":"first","9":"instock","10":"taxable","11":"shipping-taxable","12":"purchasable","13":"product-type-simple"},"jetpack_sharing_enabled":true,"_links":{"self":[{"href":"https:\/\/shop.alucardaris.com\/es\/wp-json\/wp\/v2\/product\/1496","targetHints":{"allow":["GET"]}}],"collection":[{"href":"https:\/\/shop.alucardaris.com\/es\/wp-json\/wp\/v2\/product"}],"about":[{"href":"https:\/\/shop.alucardaris.com\/es\/wp-json\/wp\/v2\/types\/product"}],"replies":[{"embeddable":true,"href":"https:\/\/shop.alucardaris.com\/es\/wp-json\/wp\/v2\/comments?post=1496"}],"wp:featuredmedia":[{"embeddable":true,"href":"https:\/\/shop.alucardaris.com\/es\/wp-json\/wp\/v2\/media\/1498"}],"wp:attachment":[{"href":"https:\/\/shop.alucardaris.com\/es\/wp-json\/wp\/v2\/media?parent=1496"}],"wp:term":[{"taxonomy":"product_brand","embeddable":true,"href":"https:\/\/shop.alucardaris.com\/es\/wp-json\/wp\/v2\/product_brand?post=1496"},{"taxonomy":"product_cat","embeddable":true,"href":"https:\/\/shop.alucardaris.com\/es\/wp-json\/wp\/v2\/product_cat?post=1496"},{"taxonomy":"product_tag","embeddable":true,"href":"https:\/\/shop.alucardaris.com\/es\/wp-json\/wp\/v2\/product_tag?post=1496"}],"curies":[{"name":"wp","href":"https:\/\/api.w.org\/{rel}","templated":true}]}}