{"id":1501,"date":"2025-09-14T17:08:19","date_gmt":"2025-09-14T15:08:19","guid":{"rendered":"https:\/\/shop.alucardaris.com\/producto\/all-over-print-gym-bag-immortalis-alucard-aris-signature\/"},"modified":"2025-09-14T17:26:46","modified_gmt":"2025-09-14T15:26:46","slug":"all-over-print-gym-bag-immortalis-alucard-aris-signature","status":"publish","type":"product","link":"https:\/\/shop.alucardaris.com\/es\/producto\/all-over-print-gym-bag-immortalis-alucard-aris-signature\/","title":{"rendered":"Bolsa de gimnasio \u201cImmortalis\u201d y Alucard Aris Signature"},"content":{"rendered":"<p>\u00bfListo para entrenar? Dale un toque especial a tus pesas con esta bolsa de gimnasio con estampado integral. Hecha de poli\u00e9ster 100% y tela resistente e impermeable, esta bolsa es divertida y funcional. \u00a1Y tiene bolsillos!<\/p>\n<p>\u2022 poli\u00e9ster 100%<br \/>\n\u2022 Peso de la tela: 9 oz.\/yd.\u00b2 (305 g\/m\u00b2)<br \/>\n\u2022 Capacidad: 7,93 galones (30 l)<br \/>\n\u2022 Resistente al agua y duradero.<br \/>\n\u2022 Tejido resistente con reverso termoadhesivo para a\u00f1adir firmeza.<br \/>\n\u2022 Tuber\u00eda en T para estabilidad<br \/>\n\u2022 Asas dobles acolchadas<br \/>\n\u2022 Bolsillo interior para objetos de valor<\/p>\n<p>Este producto se fabrica especialmente para usted en cuanto realiza su pedido, por lo que tardamos un poco m\u00e1s en entreg\u00e1rselo. Fabricar productos bajo demanda en lugar de al por mayor ayuda a reducir la sobreproducci\u00f3n, as\u00ed que gracias por tomar decisiones de compra inteligentes.<\/p>\n<p>\u2022 Trazabilidad:<br \/>\n\u2013 Tejido\u2014China<br \/>\n\u2013 Te\u00f1ido\u2014China<br \/>\n\u2013 Manufactura\u2014Letonia o M\u00e9xico<br \/>\n\u2022 Contiene poli\u00e9ster reciclado 0%<br \/>\n\u2022 Contiene sustancias peligrosas 0%<br \/>\n\u2022 Este art\u00edculo libera microfibras pl\u00e1sticas al medio ambiente durante el lavado.<\/p>\n<p>Restricciones de edad: Para adultos<br \/>\nGarant\u00eda de la UE: 2 a\u00f1os<br \/>\nOtra informaci\u00f3n de cumplimiento: Cumple con los requisitos de inflamabilidad y niveles de plomo, cadmio, bisfenoles y ftalatos.<\/p>\n<p>En cumplimiento del Reglamento General de Seguridad de los Productos (GPSR), <b>Roble inc.<\/b> y <b>SINDEN VENTURES LIMITADA<\/b> Garantizar que todos los productos de consumo ofrecidos sean seguros y cumplan con las normas de la UE. Para cualquier consulta o inquietud relacionada con la seguridad de los productos, comun\u00edquese con nuestro representante en la UE en <b>gpsr@sindenventures.com<\/b>. Tambi\u00e9n puedes escribirnos a <b>123 Main Street, Cualquier ciudad, Pa\u00eds<\/b> o<b> Markou Evgenikou 11, Mesa Geitonia, 4002, Limassol, Chipre.<b><\/b><\/b><\/p>","protected":false},"excerpt":{"rendered":"<p>Ready to get your fitness on? Add some punch to pumping iron with this all-over print gym bag. Made from 100% polyester and sturdy, water-resistant fabric, this bag is fun meets function. And it\u2019s got pockets! \u2022 100% polyester \u2022 Fabric weight: 9 oz.\/yd.\u00b2 (305 g\/m\u00b2) \u2022 Capacity: 7.93 gallons (30 l) \u2022 Water-resistant and [&hellip;]<\/p>","protected":false},"featured_media":1502,"comment_status":"open","ping_status":"closed","template":"","meta":{"_gspb_post_css":""},"product_brand":[],"product_cat":[76],"product_tag":[20],"class_list":{"0":"post-1501","1":"product","2":"type-product","3":"status-publish","4":"has-post-thumbnail","6":"product_cat-bags","7":"product_tag-immortalis","9":"first","10":"instock","11":"taxable","12":"shipping-taxable","13":"purchasable","14":"product-type-simple"},"jetpack_sharing_enabled":true,"_links":{"self":[{"href":"https:\/\/shop.alucardaris.com\/es\/wp-json\/wp\/v2\/product\/1501","targetHints":{"allow":["GET"]}}],"collection":[{"href":"https:\/\/shop.alucardaris.com\/es\/wp-json\/wp\/v2\/product"}],"about":[{"href":"https:\/\/shop.alucardaris.com\/es\/wp-json\/wp\/v2\/types\/product"}],"replies":[{"embeddable":true,"href":"https:\/\/shop.alucardaris.com\/es\/wp-json\/wp\/v2\/comments?post=1501"}],"wp:featuredmedia":[{"embeddable":true,"href":"https:\/\/shop.alucardaris.com\/es\/wp-json\/wp\/v2\/media\/1502"}],"wp:attachment":[{"href":"https:\/\/shop.alucardaris.com\/es\/wp-json\/wp\/v2\/media?parent=1501"}],"wp:term":[{"taxonomy":"product_brand","embeddable":true,"href":"https:\/\/shop.alucardaris.com\/es\/wp-json\/wp\/v2\/product_brand?post=1501"},{"taxonomy":"product_cat","embeddable":true,"href":"https:\/\/shop.alucardaris.com\/es\/wp-json\/wp\/v2\/product_cat?post=1501"},{"taxonomy":"product_tag","embeddable":true,"href":"https:\/\/shop.alucardaris.com\/es\/wp-json\/wp\/v2\/product_tag?post=1501"}],"curies":[{"name":"wp","href":"https:\/\/api.w.org\/{rel}","templated":true}]}}