{"id":1509,"date":"2025-09-15T22:16:07","date_gmt":"2025-09-15T20:16:07","guid":{"rendered":"https:\/\/shop.alucardaris.com\/producto\/lucas-veynar-unisex-premium-sweatshirt\/"},"modified":"2025-09-16T09:14:46","modified_gmt":"2025-09-16T07:14:46","slug":"lucas-veynar-unisex-premium-sweatshirt","status":"publish","type":"product","link":"https:\/\/shop.alucardaris.com\/es\/producto\/lucas-veynar-unisex-premium-sweatshirt\/","title":{"rendered":"Sudadera unisex premium de Lucas Veynar"},"content":{"rendered":"<p>Luce una sudadera cl\u00e1sica con cuello redondo acanalado, pu\u00f1os largos y dobladillo plano. Ll\u00e9vala en capas o sola para un look urbano contempor\u00e1neo. Con su suave forro polar y su c\u00f3modo ajuste, \u00a1se convertir\u00e1 en tu sudadera favorita para el d\u00eda a d\u00eda!<\/p>\n<p>\u2022 Cara de algod\u00f3n 100%<br \/>\n\u2022 65% algod\u00f3n, 35% poli\u00e9ster<br \/>\n\u2022 Charcoal Heather es algod\u00f3n 55%, poli\u00e9ster 45%<br \/>\n\u2022 Peso de la tela: 8,5 oz\/y\u00b2 (288,2 g\/m\u00b2)<br \/>\n\u2022 Vell\u00f3n de 3 cabos de tejido apretado<br \/>\n\u2022 Construcci\u00f3n con costura lateral<br \/>\n\u2022 Parche del mismo tejido en la espalda<br \/>\n\u2022 Cuello, pu\u00f1os y dobladillo de canal\u00e9 con doble costura.<br \/>\n\u2022 Producto en blanco procedente de Pakist\u00e1n<\/p>\n<p>Aviso: Esta sudadera talla peque\u00f1a. Para un ajuste perfecto, recomendamos pedir una talla m\u00e1s de la habitual.<\/p>\n<p>Este producto se fabrica especialmente para usted en cuanto realiza su pedido, por lo que tardamos un poco m\u00e1s en entreg\u00e1rselo. Fabricar productos bajo demanda en lugar de al por mayor ayuda a reducir la sobreproducci\u00f3n, as\u00ed que gracias por tomar decisiones de compra inteligentes.<\/p>\n<p>\u2022 Trazabilidad:<br \/>\n\u2013 Tejido\u2014Pakist\u00e1n<br \/>\n\u2013 Te\u00f1ido\u2014Pakist\u00e1n<br \/>\n\u2013 Manufactura\u2014Pakist\u00e1n<br \/>\n\u2022 Contiene poli\u00e9ster reciclado 0%<br \/>\n\u2022 Contiene sustancias peligrosas 0%<\/p>\n<p>Restricciones de edad: Para adultos<br \/>\nGarant\u00eda de la UE: 2 a\u00f1os<br \/>\nOtra informaci\u00f3n de cumplimiento: Cumple con los requisitos de nivel de inflamabilidad, plomo, cadmio, bisfenoles y ftalatos.<\/p>\n<p>En cumplimiento del Reglamento General de Seguridad de los Productos (GPSR), <b>Roble inc.<\/b> y <b>SINDEN VENTURES LIMITADA<\/b> Garantizar que todos los productos de consumo ofrecidos sean seguros y cumplan con las normas de la UE. Para cualquier consulta o inquietud relacionada con la seguridad de los productos, comun\u00edquese con nuestro representante en la UE en <b>gpsr@sindenventures.com<\/b>. Tambi\u00e9n puedes escribirnos a <b>123 Main Street, Cualquier ciudad, Pa\u00eds<\/b> o<b> Markou Evgenikou 11, Mesa Geitonia, 4002, Limassol, Chipre.<b><\/b><\/b><\/p>","protected":false},"excerpt":{"rendered":"<p>Rock a classic sweatshirt silhouette with ribbed crew neck, long sleeve cuffs, and a flat hem. Layer it up or wear it on its own for a contemporary streetwear look. With the soft fleece inside and comfortable fit, it\u2019s sure to become your favorite everyday sweater right away! \u2022 100% cotton face \u2022 65% cotton, [&hellip;]<\/p>","protected":false},"featured_media":1578,"comment_status":"open","ping_status":"closed","template":"","meta":{"_gspb_post_css":""},"product_brand":[],"product_cat":[86],"product_tag":[],"class_list":{"0":"post-1509","1":"product","2":"type-product","3":"status-publish","4":"has-post-thumbnail","6":"product_cat-sweatshirts","8":"first","9":"instock","10":"taxable","11":"shipping-taxable","12":"purchasable","13":"product-type-variable"},"jetpack_sharing_enabled":true,"_links":{"self":[{"href":"https:\/\/shop.alucardaris.com\/es\/wp-json\/wp\/v2\/product\/1509","targetHints":{"allow":["GET"]}}],"collection":[{"href":"https:\/\/shop.alucardaris.com\/es\/wp-json\/wp\/v2\/product"}],"about":[{"href":"https:\/\/shop.alucardaris.com\/es\/wp-json\/wp\/v2\/types\/product"}],"replies":[{"embeddable":true,"href":"https:\/\/shop.alucardaris.com\/es\/wp-json\/wp\/v2\/comments?post=1509"}],"wp:featuredmedia":[{"embeddable":true,"href":"https:\/\/shop.alucardaris.com\/es\/wp-json\/wp\/v2\/media\/1578"}],"wp:attachment":[{"href":"https:\/\/shop.alucardaris.com\/es\/wp-json\/wp\/v2\/media?parent=1509"}],"wp:term":[{"taxonomy":"product_brand","embeddable":true,"href":"https:\/\/shop.alucardaris.com\/es\/wp-json\/wp\/v2\/product_brand?post=1509"},{"taxonomy":"product_cat","embeddable":true,"href":"https:\/\/shop.alucardaris.com\/es\/wp-json\/wp\/v2\/product_cat?post=1509"},{"taxonomy":"product_tag","embeddable":true,"href":"https:\/\/shop.alucardaris.com\/es\/wp-json\/wp\/v2\/product_tag?post=1509"}],"curies":[{"name":"wp","href":"https:\/\/api.w.org\/{rel}","templated":true}]}}