{"id":1605,"date":"2025-09-16T15:01:03","date_gmt":"2025-09-16T13:01:03","guid":{"rendered":"https:\/\/shop.alucardaris.com\/producto\/rictus-unisex-t-shirt\/"},"modified":"2025-09-16T15:03:43","modified_gmt":"2025-09-16T13:03:43","slug":"rictus-unisex-t-shirt","status":"publish","type":"product","link":"https:\/\/shop.alucardaris.com\/es\/producto\/rictus-unisex-t-shirt\/","title":{"rendered":"Rictus \u2013 Camiseta unisex"},"content":{"rendered":"<p>Esta camiseta es todo lo que siempre has so\u00f1ado y mucho m\u00e1s. Es suave y ligera, con la elasticidad perfecta. Es c\u00f3moda y favorecedora para todas. <\/p>\n<p>\u2022 Algod\u00f3n peinado e hilado en anillos 100% (los colores jaspeados contienen poli\u00e9ster)<br \/>\n\u2022 Peso de la tela: 4,2 oz.\/yd.\u00b2 (142 g\/m\u00b2)<br \/>\n\u2022 Tejido preencogido<br \/>\n\u2022 Construcci\u00f3n con costura lateral<br \/>\n\u2022 Vendaje de hombro a hombro<br \/>\n\u2022 Producto en blanco procedente de Nicaragua, M\u00e9xico, Honduras o EE. UU.<\/p>\n<p>Este producto se fabrica especialmente para usted en cuanto realiza su pedido, por lo que tardamos un poco m\u00e1s en entreg\u00e1rselo. Fabricar productos bajo demanda en lugar de al por mayor ayuda a reducir la sobreproducci\u00f3n, as\u00ed que gracias por tomar decisiones de compra inteligentes.<\/p>\n<p>\u2022 Trazabilidad:<br \/>\n\u2013 Tejido\u2014India, Corea del Sur<br \/>\n\u2013 Te\u00f1ido\u2014El Salvador, California<br \/>\n\u2013 Manufactura: Nicaragua, M\u00e9xico, Honduras o EE. UU.<br \/>\n\u2022 Contiene poli\u00e9ster reciclado 0%<br \/>\n\u2022 Contiene sustancias peligrosas 0%<\/p>\n<p>Restricciones de edad: Para adultos<br \/>\nGarant\u00eda de la UE: 2 a\u00f1os<\/p>\n<p>En cumplimiento del Reglamento General de Seguridad de los Productos (GPSR), <b>Roble inc.<\/b> y <b>SINDEN VENTURES LIMITADA<\/b> Garantizar que todos los productos de consumo ofrecidos sean seguros y cumplan con las normas de la UE. Para cualquier consulta o inquietud relacionada con la seguridad de los productos, comun\u00edquese con nuestro representante en la UE en <b>gpsr@sindenventures.com<\/b>. Tambi\u00e9n puedes escribirnos a <b>123 Main Street, Cualquier ciudad, Pa\u00eds<\/b> o<b> Markou Evgenikou 11, Mesa Geitonia, 4002, Limassol, Chipre.<b \/><\/p>","protected":false},"excerpt":{"rendered":"<p>This t-shirt is everything you&#8217;ve dreamed of and more. It feels soft and lightweight, with the right amount of stretch. It&#8217;s comfortable and flattering for all. \u2022 100% combed and ring-spun cotton (Heather colors contain polyester) \u2022 Fabric weight: 4.2 oz.\/yd.\u00b2 (142 g\/m\u00b2) \u2022 Pre-shrunk fabric \u2022 Side-seamed construction \u2022 Shoulder-to-shoulder taping \u2022 Blank product [&hellip;]<\/p>","protected":false},"featured_media":1707,"comment_status":"open","ping_status":"closed","template":"","meta":{"_gspb_post_css":""},"product_brand":[],"product_cat":[19],"product_tag":[],"class_list":{"0":"post-1605","1":"product","2":"type-product","3":"status-publish","4":"has-post-thumbnail","6":"product_cat-t-shirts","8":"first","9":"instock","10":"taxable","11":"shipping-taxable","12":"purchasable","13":"product-type-variable"},"jetpack_sharing_enabled":true,"_links":{"self":[{"href":"https:\/\/shop.alucardaris.com\/es\/wp-json\/wp\/v2\/product\/1605","targetHints":{"allow":["GET"]}}],"collection":[{"href":"https:\/\/shop.alucardaris.com\/es\/wp-json\/wp\/v2\/product"}],"about":[{"href":"https:\/\/shop.alucardaris.com\/es\/wp-json\/wp\/v2\/types\/product"}],"replies":[{"embeddable":true,"href":"https:\/\/shop.alucardaris.com\/es\/wp-json\/wp\/v2\/comments?post=1605"}],"wp:featuredmedia":[{"embeddable":true,"href":"https:\/\/shop.alucardaris.com\/es\/wp-json\/wp\/v2\/media\/1707"}],"wp:attachment":[{"href":"https:\/\/shop.alucardaris.com\/es\/wp-json\/wp\/v2\/media?parent=1605"}],"wp:term":[{"taxonomy":"product_brand","embeddable":true,"href":"https:\/\/shop.alucardaris.com\/es\/wp-json\/wp\/v2\/product_brand?post=1605"},{"taxonomy":"product_cat","embeddable":true,"href":"https:\/\/shop.alucardaris.com\/es\/wp-json\/wp\/v2\/product_cat?post=1605"},{"taxonomy":"product_tag","embeddable":true,"href":"https:\/\/shop.alucardaris.com\/es\/wp-json\/wp\/v2\/product_tag?post=1605"}],"curies":[{"name":"wp","href":"https:\/\/api.w.org\/{rel}","templated":true}]}}