{"id":1731,"date":"2025-09-19T10:32:06","date_gmt":"2025-09-19T08:32:06","guid":{"rendered":"https:\/\/shop.alucardaris.com\/producto\/rictus-oversized-heavyweight-sweatshirt\/"},"modified":"2025-09-19T10:34:48","modified_gmt":"2025-09-19T08:34:48","slug":"rictus-oversized-heavyweight-sweatshirt","status":"publish","type":"product","link":"https:\/\/shop.alucardaris.com\/es\/producto\/rictus-oversized-heavyweight-sweatshirt\/","title":{"rendered":"Rictus \u2013 Sudadera extragrande de tejido pesado"},"content":{"rendered":"<p>Apuesta por la comodidad con esta sudadera extragrande de polar. Suave por dentro, llamativa por fuera: perfecta para usar en capas o para relajarte. Corte unisex, tejido grueso y muy acogedor.<\/p>\n<p>\u00b7 60% Airlume algod\u00f3n peinado e hilado en anillos, 40% vell\u00f3n de poli\u00e9ster<br \/>\n\u00b7 Athletic Heather es algod\u00f3n peinado e hilado en anillos 94% Airlume, vell\u00f3n de poli\u00e9ster 6%<br \/>\n\u00b7 Peso de la tela: 10 oz.\/yd.\u00b2 (339 g\/m\u00b2)<br \/>\n\u00b7 Mangas ligeramente ca\u00eddas<br \/>\n\u00b7 Ajuste unisex holgado y de gran tama\u00f1o<br \/>\n\u00b7 Producto en blanco procedente de Nicaragua<\/p>\n<p>Este producto se fabrica especialmente para usted en cuanto realiza su pedido, por lo que tardamos un poco m\u00e1s en entreg\u00e1rselo. Fabricar productos bajo demanda en lugar de al por mayor ayuda a reducir la sobreproducci\u00f3n, as\u00ed que gracias por tomar decisiones de compra inteligentes.<\/p>\n<p>Restricciones de edad: Para adultos<br \/>\nGarant\u00eda de la UE: 2 a\u00f1os<\/p>\n<p>En cumplimiento del Reglamento General de Seguridad de los Productos (GPSR), <b>Roble inc.<\/b> y <b>SINDEN VENTURES LIMITADA<\/b> Garantizar que todos los productos de consumo ofrecidos sean seguros y cumplan con las normas de la UE. Para cualquier consulta o inquietud relacionada con la seguridad de los productos, comun\u00edquese con nuestro representante en la UE en <b>gpsr@sindenventures.com<\/b>. Tambi\u00e9n puedes escribirnos a <b>123 Main Street, Cualquier ciudad, Pa\u00eds<\/b> o<b> Markou Evgenikou 11, Mesa Geitonia, 4002, Limassol, Chipre.<b \/><\/p>","protected":false},"excerpt":{"rendered":"<p>Go big on comfort with this oversized fleece sweatshirt. Soft inside, bold outside\u2014perfect for layering or lounging. Unisex fit, heavyweight fabric, and cozy to the core. \u00b7 60% Airlume combed and ring-spun cotton, 40% polyester fleece \u00b7 Athletic Heather is 94% Airlume combed and ring-spun cotton, 6% polyester fleece \u00b7 Fabric weight: 10 oz.\/yd.\u00b2 (339 [&hellip;]<\/p>","protected":false},"featured_media":1770,"comment_status":"open","ping_status":"closed","template":"","meta":{"_gspb_post_css":""},"product_brand":[],"product_cat":[86],"product_tag":[],"class_list":{"0":"post-1731","1":"product","2":"type-product","3":"status-publish","4":"has-post-thumbnail","6":"product_cat-sweatshirts","8":"first","9":"instock","10":"taxable","11":"shipping-taxable","12":"purchasable","13":"product-type-variable"},"jetpack_sharing_enabled":true,"_links":{"self":[{"href":"https:\/\/shop.alucardaris.com\/es\/wp-json\/wp\/v2\/product\/1731","targetHints":{"allow":["GET"]}}],"collection":[{"href":"https:\/\/shop.alucardaris.com\/es\/wp-json\/wp\/v2\/product"}],"about":[{"href":"https:\/\/shop.alucardaris.com\/es\/wp-json\/wp\/v2\/types\/product"}],"replies":[{"embeddable":true,"href":"https:\/\/shop.alucardaris.com\/es\/wp-json\/wp\/v2\/comments?post=1731"}],"wp:featuredmedia":[{"embeddable":true,"href":"https:\/\/shop.alucardaris.com\/es\/wp-json\/wp\/v2\/media\/1770"}],"wp:attachment":[{"href":"https:\/\/shop.alucardaris.com\/es\/wp-json\/wp\/v2\/media?parent=1731"}],"wp:term":[{"taxonomy":"product_brand","embeddable":true,"href":"https:\/\/shop.alucardaris.com\/es\/wp-json\/wp\/v2\/product_brand?post=1731"},{"taxonomy":"product_cat","embeddable":true,"href":"https:\/\/shop.alucardaris.com\/es\/wp-json\/wp\/v2\/product_cat?post=1731"},{"taxonomy":"product_tag","embeddable":true,"href":"https:\/\/shop.alucardaris.com\/es\/wp-json\/wp\/v2\/product_tag?post=1731"}],"curies":[{"name":"wp","href":"https:\/\/api.w.org\/{rel}","templated":true}]}}