{"id":1806,"date":"2025-10-24T20:17:13","date_gmt":"2025-10-24T18:17:13","guid":{"rendered":"https:\/\/shop.alucardaris.com\/producto\/azrael-dark-skull-flag\/"},"modified":"2025-10-24T20:17:29","modified_gmt":"2025-10-24T18:17:29","slug":"azrael-dark-skull-flag","status":"publish","type":"product","link":"https:\/\/shop.alucardaris.com\/es\/producto\/azrael-dark-skull-flag\/","title":{"rendered":"Azrael Cr\u00e1neo Oscuro \u2013 Bandera"},"content":{"rendered":"<p>\u00bfQui\u00e9n no quiere convertir su casa en un hogar? Dale un toque de color a tu espacio a\u00f1adiendo esta bandera \u00fanica a tu pared. Gracias al poli\u00e9ster, no se arrugar\u00e1 ni encoger\u00e1 y durar\u00e1 mucho tiempo.<\/p>\n<p>\u2022 poli\u00e9ster 100%<br \/>\n\u2022 Tejido de punto<br \/>\n\u2022 Peso de la tela: 4,42 oz\/yd\u00b2 (150 g\/m\u00b2) <br \/>\n\u2022 Imprimir en una cara<br \/>\n\u2022 Reverso en blanco<br \/>\n\u2022 2 ojales de hierro<br \/>\n\u2022 Componentes de productos en blanco procedentes de China e Israel<\/p>\n<p>Este producto se fabrica especialmente para usted en cuanto realiza su pedido, por lo que tardamos un poco m\u00e1s en entreg\u00e1rselo. Fabricar productos bajo demanda en lugar de al por mayor ayuda a reducir la sobreproducci\u00f3n, as\u00ed que gracias por tomar decisiones de compra inteligentes.<\/p>\n<p>\u2022 Trazabilidad:<br \/>\n\u2013 Tejido de punto\u2014Israel<br \/>\n\u2013 Te\u00f1ido\u2014Israel<br \/>\n\u2013 Fabricaci\u00f3n\u2014Letonia<br \/>\n\u2022 Contiene poli\u00e9ster reciclado 0%<br \/>\n\u2022 Contiene sustancias peligrosas 0%<br \/>\n\u2022 Este art\u00edculo libera microfibras pl\u00e1sticas al medio ambiente durante el lavado.<\/p>\n<p>Restricciones de edad: Para adultos<br \/>\nGarant\u00eda de la UE: 2 a\u00f1os<br \/>\nOtra informaci\u00f3n de cumplimiento: Cumple con los requisitos de nivel de plomo, cadmio, ftalatos y bisfenol.<\/p>\n<p>En cumplimiento del Reglamento General de Seguridad de los Productos (GPSR), <b>Roble inc.<\/b> y <b>SINDEN VENTURES LIMITADA<\/b> Garantizar que todos los productos de consumo ofrecidos sean seguros y cumplan con las normas de la UE. Para cualquier consulta o inquietud relacionada con la seguridad de los productos, comun\u00edquese con nuestro representante en la UE en <b>gpsr@sindenventures.com<\/b>. Tambi\u00e9n puedes escribirnos a <b>123 Main Street, Cualquier ciudad, Pa\u00eds<\/b> o<b> Markou Evgenikou 11, Mesa Geitonia, 4002, Limassol, Chipre.<b \/><\/p>","protected":false},"excerpt":{"rendered":"<p>Who doesn\u2019t want to turn their house into a home? Brighten up your space by adding this unique flag to your wall. Your flag won\u2019t crease or shrink thanks to the polyester material and will last a long time. \u2022 100% polyester \u2022 Knitted fabric \u2022 Fabric weight: 4.42 oz\/yd\u00b2 (150 g\/m\u00b2) \u2022 Print on [&hellip;]<\/p>","protected":false},"featured_media":1808,"comment_status":"open","ping_status":"closed","template":"","meta":{"_gspb_post_css":""},"product_brand":[],"product_cat":[99],"product_tag":[],"class_list":{"0":"post-1806","1":"product","2":"type-product","3":"status-publish","4":"has-post-thumbnail","6":"product_cat-flags","8":"first","9":"instock","10":"taxable","11":"shipping-taxable","12":"purchasable","13":"product-type-simple"},"jetpack_sharing_enabled":true,"_links":{"self":[{"href":"https:\/\/shop.alucardaris.com\/es\/wp-json\/wp\/v2\/product\/1806","targetHints":{"allow":["GET"]}}],"collection":[{"href":"https:\/\/shop.alucardaris.com\/es\/wp-json\/wp\/v2\/product"}],"about":[{"href":"https:\/\/shop.alucardaris.com\/es\/wp-json\/wp\/v2\/types\/product"}],"replies":[{"embeddable":true,"href":"https:\/\/shop.alucardaris.com\/es\/wp-json\/wp\/v2\/comments?post=1806"}],"wp:featuredmedia":[{"embeddable":true,"href":"https:\/\/shop.alucardaris.com\/es\/wp-json\/wp\/v2\/media\/1808"}],"wp:attachment":[{"href":"https:\/\/shop.alucardaris.com\/es\/wp-json\/wp\/v2\/media?parent=1806"}],"wp:term":[{"taxonomy":"product_brand","embeddable":true,"href":"https:\/\/shop.alucardaris.com\/es\/wp-json\/wp\/v2\/product_brand?post=1806"},{"taxonomy":"product_cat","embeddable":true,"href":"https:\/\/shop.alucardaris.com\/es\/wp-json\/wp\/v2\/product_cat?post=1806"},{"taxonomy":"product_tag","embeddable":true,"href":"https:\/\/shop.alucardaris.com\/es\/wp-json\/wp\/v2\/product_tag?post=1806"}],"curies":[{"name":"wp","href":"https:\/\/api.w.org\/{rel}","templated":true}]}}